{"id":3,"date":"2025-08-25T19:53:56","date_gmt":"2025-08-25T19:53:56","guid":{"rendered":"http:\/\/hotelcococabanas.local\/?page_id=3"},"modified":"2025-08-31T14:41:49","modified_gmt":"2025-08-31T14:41:49","slug":"politicas-de-privacidad","status":"publish","type":"page","link":"https:\/\/hotelcococabanas.com.mx\/en\/politicas-de-privacidad\/","title":{"rendered":"Privacy Policies"},"content":{"rendered":"<div data-elementor-type=\"wp-page\" data-elementor-id=\"3\" class=\"elementor elementor-3\">\n\t\t\t\t<div class=\"elementor-element elementor-element-199910b0 e-flex e-con-boxed e-con e-parent\" data-id=\"199910b0\" data-element_type=\"container\" data-e-type=\"container\">\n\t\t\t\t\t<div class=\"e-con-inner\">\n\t\t\t\t<div class=\"elementor-element elementor-element-3059b4ef elementor-widget elementor-widget-text-editor\" data-id=\"3059b4ef\" data-element_type=\"widget\" data-e-type=\"widget\" data-widget_type=\"text-editor.default\">\n\t\t\t\t<div class=\"elementor-widget-container\">\n\t\t\t\t\t\t\t\t\t\n<p>Your privacy is very important to us. We designed our Data Policy to make important disclosures about how you may use it. <strong>Hotel Coco-Caba\u00f1as y Casitas<\/strong>\u00a0to share with others and how we collect and may use your content and information.<\/p>\n<p>This website, like most websites on the Internet, uses cookies to improve and optimize the user experience. A cookie is a small piece of text that the websites you visit send to your browser. It allows the website to remember information about your visit, such as your preferred language and other options. This can facilitate your next visit and make the site more useful to you.<\/p>\n<p>Cookies play a very important role, as without them, using the Web would be a much more frustrating experience. Cookies are only associated with an anonymous user and their computer\/device and do not provide any information that could reveal personal data.<\/p>\n<p>Users who complete the registration process or log in with their login credentials will be able to access personalized services tailored to their preferences based on the personal information provided during registration and stored in their browser's cookie.<\/p>\n<p>Content such as code, text, images, audio and video, which do not correspond to the intellectual property of <strong>Hotel Coco-Caba\u00f1as y Casitas<\/strong>, are used on our website under the terms of the General Public License (GPL) and Creative Commons (CC) licenses, or as authorized by their author, authors, or intellectual owners.<\/p>\n<p>This website has been developed with information extracted from various sources. We sincerely appreciate your collaboration in promoting this website on the Internet. The entire portal, including its design, adaptation, and publication, is the responsibility of <strong>Hotel Coco-Caba\u00f1as y Casitas<\/strong><\/p>\n<p>Although we have made every effort to ensure that all information available on this website is correct, we cannot guarantee that all information is complete and error-free, nor can we be held responsible for missing or unsubmitted information.<\/p>\n<p><strong>Hotel Coco-Caba\u00f1as y Casitas \u00a9 2025<\/strong><\/p>\t\t\t\t\t\t\t\t<\/div>\n\t\t\t\t<\/div>\n\t\t\t\t\t<\/div>\n\t\t\t\t<\/div>\n\t\t\t\t<\/div>","protected":false},"excerpt":{"rendered":"<p>Su privacidad es muy importante para nosotros. Dise\u00f1amos nuestra Pol\u00edtica de datos para hacer importantes revelaciones sobre c\u00f3mo puede utilizar [&hellip;]<\/p>\n","protected":false},"author":1,"featured_media":0,"parent":0,"menu_order":0,"comment_status":"closed","ping_status":"closed","template":"","meta":{"site-sidebar-layout":"default","site-content-layout":"","ast-site-content-layout":"default","site-content-style":"default","site-sidebar-style":"default","ast-global-header-display":"","ast-banner-title-visibility":"","ast-main-header-display":"","ast-hfb-above-header-display":"","ast-hfb-below-header-display":"","ast-hfb-mobile-header-display":"","site-post-title":"","ast-breadcrumbs-content":"","ast-featured-img":"","footer-sml-layout":"","ast-disable-related-posts":"","theme-transparent-header-meta":"","adv-header-id-meta":"","stick-header-meta":"","header-above-stick-meta":"","header-main-stick-meta":"","header-below-stick-meta":"","astra-migrate-meta-layouts":"default","ast-page-background-enabled":"default","ast-page-background-meta":{"desktop":{"background-color":"var(--ast-global-color-4)","background-image":"","background-repeat":"repeat","background-position":"center center","background-size":"auto","background-attachment":"scroll","background-type":"","background-media":"","overlay-type":"","overlay-color":"","overlay-opacity":"","overlay-gradient":""},"tablet":{"background-color":"","background-image":"","background-repeat":"repeat","background-position":"center center","background-size":"auto","background-attachment":"scroll","background-type":"","background-media":"","overlay-type":"","overlay-color":"","overlay-opacity":"","overlay-gradient":""},"mobile":{"background-color":"","background-image":"","background-repeat":"repeat","background-position":"center center","background-size":"auto","background-attachment":"scroll","background-type":"","background-media":"","overlay-type":"","overlay-color":"","overlay-opacity":"","overlay-gradient":""}},"ast-content-background-meta":{"desktop":{"background-color":"var(--ast-global-color-5)","background-image":"","background-repeat":"repeat","background-position":"center center","background-size":"auto","background-attachment":"scroll","background-type":"","background-media":"","overlay-type":"","overlay-color":"","overlay-opacity":"","overlay-gradient":""},"tablet":{"background-color":"var(--ast-global-color-5)","background-image":"","background-repeat":"repeat","background-position":"center center","background-size":"auto","background-attachment":"scroll","background-type":"","background-media":"","overlay-type":"","overlay-color":"","overlay-opacity":"","overlay-gradient":""},"mobile":{"background-color":"var(--ast-global-color-5)","background-image":"","background-repeat":"repeat","background-position":"center center","background-size":"auto","background-attachment":"scroll","background-type":"","background-media":"","overlay-type":"","overlay-color":"","overlay-opacity":"","overlay-gradient":""}},"_joinchat":[],"footnotes":""},"class_list":["post-3","page","type-page","status-publish","hentry"],"yoast_head":"<!-- This site is optimized with the Yoast SEO plugin v27.5 - https:\/\/yoast.com\/product\/yoast-seo-wordpress\/ -->\n<title>Politicas de Privacidad - Hotel Coco-Cabanas Loreto<\/title>\n<meta name=\"robots\" content=\"index, follow, max-snippet:-1, max-image-preview:large, max-video-preview:-1\" \/>\n<link rel=\"canonical\" href=\"https:\/\/hotelcococabanas.com.mx\/en\/politicas-de-privacidad\/\" \/>\n<meta property=\"og:locale\" content=\"en_US\" \/>\n<meta property=\"og:type\" content=\"article\" \/>\n<meta property=\"og:title\" content=\"Politicas de Privacidad - Hotel Coco-Cabanas Loreto\" \/>\n<meta property=\"og:description\" content=\"Su privacidad es muy importante para nosotros. Dise\u00f1amos nuestra Pol\u00edtica de datos para hacer importantes revelaciones sobre c\u00f3mo puede utilizar [&hellip;]\" \/>\n<meta property=\"og:url\" content=\"https:\/\/hotelcococabanas.com.mx\/en\/politicas-de-privacidad\/\" \/>\n<meta property=\"og:site_name\" content=\"Hotel Coco-Cabanas Loreto\" \/>\n<meta property=\"article:modified_time\" content=\"2025-08-31T14:41:49+00:00\" \/>\n<meta name=\"twitter:card\" content=\"summary_large_image\" \/>\n<meta name=\"twitter:label1\" content=\"Est. reading time\" \/>\n\t<meta name=\"twitter:data1\" content=\"2 minutes\" \/>\n<script type=\"application\/ld+json\" class=\"yoast-schema-graph\">{\"@context\":\"https:\\\/\\\/schema.org\",\"@graph\":[{\"@type\":\"WebPage\",\"@id\":\"https:\\\/\\\/hotelcococabanas.com.mx\\\/politicas-de-privacidad\\\/\",\"url\":\"https:\\\/\\\/hotelcococabanas.com.mx\\\/politicas-de-privacidad\\\/\",\"name\":\"Politicas de Privacidad - Hotel Coco-Cabanas Loreto\",\"isPartOf\":{\"@id\":\"https:\\\/\\\/hotelcococabanas.com.mx\\\/#website\"},\"datePublished\":\"2025-08-25T19:53:56+00:00\",\"dateModified\":\"2025-08-31T14:41:49+00:00\",\"breadcrumb\":{\"@id\":\"https:\\\/\\\/hotelcococabanas.com.mx\\\/politicas-de-privacidad\\\/#breadcrumb\"},\"inLanguage\":\"en-US\",\"potentialAction\":[{\"@type\":\"ReadAction\",\"target\":[\"https:\\\/\\\/hotelcococabanas.com.mx\\\/politicas-de-privacidad\\\/\"]}]},{\"@type\":\"BreadcrumbList\",\"@id\":\"https:\\\/\\\/hotelcococabanas.com.mx\\\/politicas-de-privacidad\\\/#breadcrumb\",\"itemListElement\":[{\"@type\":\"ListItem\",\"position\":1,\"name\":\"Inicio\",\"item\":\"https:\\\/\\\/hotelcococabanas.com.mx\\\/\"},{\"@type\":\"ListItem\",\"position\":2,\"name\":\"Politicas de Privacidad\"}]},{\"@type\":\"WebSite\",\"@id\":\"https:\\\/\\\/hotelcococabanas.com.mx\\\/#website\",\"url\":\"https:\\\/\\\/hotelcococabanas.com.mx\\\/\",\"name\":\"Hotel Coco-Cabanas Loreto\",\"description\":\"Hotel Coco-Cabanas Loreto, Cabanas, Alojamiento, Hospedaje\",\"publisher\":{\"@id\":\"https:\\\/\\\/hotelcococabanas.com.mx\\\/#organization\"},\"potentialAction\":[{\"@type\":\"SearchAction\",\"target\":{\"@type\":\"EntryPoint\",\"urlTemplate\":\"https:\\\/\\\/hotelcococabanas.com.mx\\\/?s={search_term_string}\"},\"query-input\":{\"@type\":\"PropertyValueSpecification\",\"valueRequired\":true,\"valueName\":\"search_term_string\"}}],\"inLanguage\":\"en-US\"},{\"@type\":\"Organization\",\"@id\":\"https:\\\/\\\/hotelcococabanas.com.mx\\\/#organization\",\"name\":\"Hotel Coco-Cabanas Loreto\",\"url\":\"https:\\\/\\\/hotelcococabanas.com.mx\\\/\",\"logo\":{\"@type\":\"ImageObject\",\"inLanguage\":\"en-US\",\"@id\":\"https:\\\/\\\/hotelcococabanas.com.mx\\\/#\\\/schema\\\/logo\\\/image\\\/\",\"url\":\"https:\\\/\\\/hotelcococabanas.com.mx\\\/wp-content\\\/uploads\\\/2025\\\/08\\\/coco-cabanas.png\",\"contentUrl\":\"https:\\\/\\\/hotelcococabanas.com.mx\\\/wp-content\\\/uploads\\\/2025\\\/08\\\/coco-cabanas.png\",\"width\":1884,\"height\":1037,\"caption\":\"Hotel Coco-Cabanas Loreto\"},\"image\":{\"@id\":\"https:\\\/\\\/hotelcococabanas.com.mx\\\/#\\\/schema\\\/logo\\\/image\\\/\"}}]}<\/script>\n<!-- \/ Yoast SEO plugin. -->","yoast_head_json":{"title":"Politicas de Privacidad - Hotel Coco-Cabanas Loreto","robots":{"index":"index","follow":"follow","max-snippet":"max-snippet:-1","max-image-preview":"max-image-preview:large","max-video-preview":"max-video-preview:-1"},"canonical":"https:\/\/hotelcococabanas.com.mx\/en\/politicas-de-privacidad\/","og_locale":"en_US","og_type":"article","og_title":"Politicas de Privacidad - Hotel Coco-Cabanas Loreto","og_description":"Su privacidad es muy importante para nosotros. Dise\u00f1amos nuestra Pol\u00edtica de datos para hacer importantes revelaciones sobre c\u00f3mo puede utilizar [&hellip;]","og_url":"https:\/\/hotelcococabanas.com.mx\/en\/politicas-de-privacidad\/","og_site_name":"Hotel Coco-Cabanas Loreto","article_modified_time":"2025-08-31T14:41:49+00:00","twitter_card":"summary_large_image","twitter_misc":{"Est. reading time":"2 minutes"},"schema":{"@context":"https:\/\/schema.org","@graph":[{"@type":"WebPage","@id":"https:\/\/hotelcococabanas.com.mx\/politicas-de-privacidad\/","url":"https:\/\/hotelcococabanas.com.mx\/politicas-de-privacidad\/","name":"Politicas de Privacidad - Hotel Coco-Cabanas Loreto","isPartOf":{"@id":"https:\/\/hotelcococabanas.com.mx\/#website"},"datePublished":"2025-08-25T19:53:56+00:00","dateModified":"2025-08-31T14:41:49+00:00","breadcrumb":{"@id":"https:\/\/hotelcococabanas.com.mx\/politicas-de-privacidad\/#breadcrumb"},"inLanguage":"en-US","potentialAction":[{"@type":"ReadAction","target":["https:\/\/hotelcococabanas.com.mx\/politicas-de-privacidad\/"]}]},{"@type":"BreadcrumbList","@id":"https:\/\/hotelcococabanas.com.mx\/politicas-de-privacidad\/#breadcrumb","itemListElement":[{"@type":"ListItem","position":1,"name":"Inicio","item":"https:\/\/hotelcococabanas.com.mx\/"},{"@type":"ListItem","position":2,"name":"Politicas de Privacidad"}]},{"@type":"WebSite","@id":"https:\/\/hotelcococabanas.com.mx\/#website","url":"https:\/\/hotelcococabanas.com.mx\/","name":"Hotel Coco-Cabanas Loreto","description":"Hotel Coco-Cabanas Loreto, Cabanas, Alojamiento, Hospedaje","publisher":{"@id":"https:\/\/hotelcococabanas.com.mx\/#organization"},"potentialAction":[{"@type":"SearchAction","target":{"@type":"EntryPoint","urlTemplate":"https:\/\/hotelcococabanas.com.mx\/?s={search_term_string}"},"query-input":{"@type":"PropertyValueSpecification","valueRequired":true,"valueName":"search_term_string"}}],"inLanguage":"en-US"},{"@type":"Organization","@id":"https:\/\/hotelcococabanas.com.mx\/#organization","name":"Hotel Coco-Cabanas Loreto","url":"https:\/\/hotelcococabanas.com.mx\/","logo":{"@type":"ImageObject","inLanguage":"en-US","@id":"https:\/\/hotelcococabanas.com.mx\/#\/schema\/logo\/image\/","url":"https:\/\/hotelcococabanas.com.mx\/wp-content\/uploads\/2025\/08\/coco-cabanas.png","contentUrl":"https:\/\/hotelcococabanas.com.mx\/wp-content\/uploads\/2025\/08\/coco-cabanas.png","width":1884,"height":1037,"caption":"Hotel Coco-Cabanas Loreto"},"image":{"@id":"https:\/\/hotelcococabanas.com.mx\/#\/schema\/logo\/image\/"}}]}},"_links":{"self":[{"href":"https:\/\/hotelcococabanas.com.mx\/en\/wp-json\/wp\/v2\/pages\/3","targetHints":{"allow":["GET"]}}],"collection":[{"href":"https:\/\/hotelcococabanas.com.mx\/en\/wp-json\/wp\/v2\/pages"}],"about":[{"href":"https:\/\/hotelcococabanas.com.mx\/en\/wp-json\/wp\/v2\/types\/page"}],"author":[{"embeddable":true,"href":"https:\/\/hotelcococabanas.com.mx\/en\/wp-json\/wp\/v2\/users\/1"}],"replies":[{"embeddable":true,"href":"https:\/\/hotelcococabanas.com.mx\/en\/wp-json\/wp\/v2\/comments?post=3"}],"version-history":[{"count":10,"href":"https:\/\/hotelcococabanas.com.mx\/en\/wp-json\/wp\/v2\/pages\/3\/revisions"}],"predecessor-version":[{"id":1703,"href":"https:\/\/hotelcococabanas.com.mx\/en\/wp-json\/wp\/v2\/pages\/3\/revisions\/1703"}],"wp:attachment":[{"href":"https:\/\/hotelcococabanas.com.mx\/en\/wp-json\/wp\/v2\/media?parent=3"}],"curies":[{"name":"wp","href":"https:\/\/api.w.org\/{rel}","templated":true}]}}