{"id":1704,"date":"2025-08-31T14:42:35","date_gmt":"2025-08-31T14:42:35","guid":{"rendered":"https:\/\/hotelcococabanas.com.mx\/?page_id=1704"},"modified":"2025-08-31T14:44:47","modified_gmt":"2025-08-31T14:44:47","slug":"terminos-y-condiciones","status":"publish","type":"page","link":"https:\/\/hotelcococabanas.com.mx\/en\/terminos-y-condiciones\/","title":{"rendered":"Terms and Conditions"},"content":{"rendered":"<div data-elementor-type=\"wp-page\" data-elementor-id=\"1704\" class=\"elementor elementor-1704\">\n\t\t\t\t<div class=\"elementor-element elementor-element-199910b0 e-flex e-con-boxed e-con e-parent\" data-id=\"199910b0\" data-element_type=\"container\" data-e-type=\"container\">\n\t\t\t\t\t<div class=\"e-con-inner\">\n\t\t\t\t<div class=\"elementor-element elementor-element-3059b4ef elementor-widget elementor-widget-text-editor\" data-id=\"3059b4ef\" data-element_type=\"widget\" data-e-type=\"widget\" data-widget_type=\"text-editor.default\">\n\t\t\t\t<div class=\"elementor-widget-container\">\n\t\t\t\t\t\t\t\t\t\n<p><strong>Location:<\/strong>\u00a0Hotel Coco-Caba\u00f1as y Casitas, located on Davis Street, Chino Davis Alley, 71, Zip Code 23880, Loreto, B.C.S., Mexico. The hotel has 4 cabins and 4 houses available for lodging.<\/p>\n<ol>\n<li><strong>Reservations and Payments<\/strong><\/li>\n<\/ol>\n<ul>\n<li>Reservations can be made through our online system, by phone, or directly at the hotel reception.<\/li>\n<li>To guarantee your reservation, it is required\u00a0<strong>an advance<\/strong>, payable via bank transfer, debit card or cash.<\/li>\n<li>The remaining balance will be paid upon arrival or check-in.<\/li>\n<li>All rates are expressed in\u00a0<strong>Mexican pesos (MXN)<\/strong>and <strong>dollars <\/strong>and include applicable taxes.<\/li>\n<\/ul>\n<ol start=\"2\">\n<li><strong>Cancellation and Modification Policies<\/strong><\/li>\n<\/ol>\n<ul>\n<li>Cancellations made with\u00a0<strong>7 days in advance<\/strong>will receive a full refund of the advance payment.<\/li>\n<li>If the cancellation is made\u00a0<strong>less than 7 days before<\/strong>from the arrival date, the advance payment will not be refundable.<\/li>\n<\/ul>\n<ol start=\"3\">\n<li><strong>Check-in and Check-out<\/strong><\/li>\n<\/ol>\n<ul>\n<li><strong>Check-in:<\/strong>From the\u00a0<strong>15:00 hours<\/strong>.<\/li>\n<li><strong>Check-out:<\/strong>Before the\u00a0<strong>12:00 hours<\/strong>.<\/li>\n<li>Late check-outs are subject to availability and may incur additional charges.<\/li>\n<\/ul>\n<ol start=\"4\">\n<li><strong>Stay Policies<\/strong><\/li>\n<\/ol>\n<ul>\n<li><strong>Pets are allowed<\/strong> Guests who have previously notified their presence in the group and pay a fee based on the group size and that they have their own portable bed will not be able to use the beds or other furniture in the units. Guests agree to take care of the units and prevent pets from damaging them; otherwise, a penalty will be applied.<\/li>\n<li>Smoking is strictly prohibited inside the rooms; this is a smoke-free hotel. Failure to comply with this rule will result in a penalty of\u00a0<strong>MXN 2,000.00<\/strong>for deep cleaning.<\/li>\n<li>Guests are responsible for any damage to hotel furnishings, facilities, or fixtures.<\/li>\n<\/ul>\n<ol start=\"5\">\n<li><strong>Services Included<\/strong><\/li>\n<\/ol>\n<ul>\n<li>Free Wi-Fi in common areas and rooms.<\/li>\n<li>Cleaning service upon request of guests.<\/li>\n<li>Use of common areas (patio, pool, garden, parking limited to internal regulations).<\/li>\n<li>Parking is free but subject to availability.<\/li>\n<\/ul>\n<ol start=\"6\">\n<li><strong>Hotel Responsibility<\/strong><\/li>\n<\/ol>\n<ul>\n<li>The hotel is not responsible for the loss or theft of personal belongings within the facilities.<\/li>\n<li>The hotel will also not be responsible for accidents occurring outside its areas of control.<\/li>\n<\/ul>\n<ol start=\"7\">\n<li><strong>Privacy Policies<\/strong><\/li>\n<\/ol>\n<ul>\n<li>Personal data provided by guests will be used solely for reservation and contact purposes and will be treated in accordance with the Federal Law on the Protection of Personal Data Held by Private Parties.<\/li>\n<\/ul>\n<ol start=\"8\">\n<li><strong>Acceptance of Terms<\/strong><\/li>\n<\/ol>\n<p>By making a reservation or checking in at Hotel Coco-Caba\u00f1as y Casitas, the guest agrees to have read, understood and agree to these terms and conditions.<\/p>\n<p><strong>Contacto:<\/strong>Telephone: 646 117-5387 and 646 261-0588. Email: <strong>twscalapino@gmail.com<\/strong><\/p>\n<ul>\n<li>Address: Calle Davis y callej\u00f3n Chino Davis, int.71 C.P. 23880, Loreto, B.C.S., M\u00e9xico.<\/li>\n<\/ul>\n<p><strong>Hotel Coco-Caba\u00f1as y Casitas \u00a9 2025<\/strong><\/p>\t\t\t\t\t\t\t\t<\/div>\n\t\t\t\t<\/div>\n\t\t\t\t\t<\/div>\n\t\t\t\t<\/div>\n\t\t\t\t<\/div>","protected":false},"excerpt":{"rendered":"<p>Ubicaci\u00f3n:\u00a0Hotel Coco-Caba\u00f1as y Casitas, ubicado en calle Davis, callej\u00f3n Chino Davis int. 71, C.P. 23880, Loreto, B.C.S., M\u00e9xico. El hotel [&hellip;]<\/p>\n","protected":false},"author":1,"featured_media":0,"parent":0,"menu_order":0,"comment_status":"closed","ping_status":"closed","template":"","meta":{"site-sidebar-layout":"default","site-content-layout":"","ast-site-content-layout":"default","site-content-style":"default","site-sidebar-style":"default","ast-global-header-display":"","ast-banner-title-visibility":"","ast-main-header-display":"","ast-hfb-above-header-display":"","ast-hfb-below-header-display":"","ast-hfb-mobile-header-display":"","site-post-title":"","ast-breadcrumbs-content":"","ast-featured-img":"","footer-sml-layout":"","ast-disable-related-posts":"","theme-transparent-header-meta":"","adv-header-id-meta":"","stick-header-meta":"","header-above-stick-meta":"","header-main-stick-meta":"","header-below-stick-meta":"","astra-migrate-meta-layouts":"default","ast-page-background-enabled":"default","ast-page-background-meta":{"desktop":{"background-color":"var(--ast-global-color-4)","background-image":"","background-repeat":"repeat","background-position":"center center","background-size":"auto","background-attachment":"scroll","background-type":"","background-media":"","overlay-type":"","overlay-color":"","overlay-opacity":"","overlay-gradient":""},"tablet":{"background-color":"","background-image":"","background-repeat":"repeat","background-position":"center center","background-size":"auto","background-attachment":"scroll","background-type":"","background-media":"","overlay-type":"","overlay-color":"","overlay-opacity":"","overlay-gradient":""},"mobile":{"background-color":"","background-image":"","background-repeat":"repeat","background-position":"center center","background-size":"auto","background-attachment":"scroll","background-type":"","background-media":"","overlay-type":"","overlay-color":"","overlay-opacity":"","overlay-gradient":""}},"ast-content-background-meta":{"desktop":{"background-color":"var(--ast-global-color-5)","background-image":"","background-repeat":"repeat","background-position":"center center","background-size":"auto","background-attachment":"scroll","background-type":"","background-media":"","overlay-type":"","overlay-color":"","overlay-opacity":"","overlay-gradient":""},"tablet":{"background-color":"var(--ast-global-color-5)","background-image":"","background-repeat":"repeat","background-position":"center center","background-size":"auto","background-attachment":"scroll","background-type":"","background-media":"","overlay-type":"","overlay-color":"","overlay-opacity":"","overlay-gradient":""},"mobile":{"background-color":"var(--ast-global-color-5)","background-image":"","background-repeat":"repeat","background-position":"center center","background-size":"auto","background-attachment":"scroll","background-type":"","background-media":"","overlay-type":"","overlay-color":"","overlay-opacity":"","overlay-gradient":""}},"_joinchat":[],"footnotes":""},"class_list":["post-1704","page","type-page","status-publish","hentry"],"yoast_head":"<!-- This site is optimized with the Yoast SEO plugin v27.5 - https:\/\/yoast.com\/product\/yoast-seo-wordpress\/ -->\n<title>Terminos y Condiciones - Hotel Coco-Cabanas Loreto<\/title>\n<meta name=\"robots\" content=\"index, follow, max-snippet:-1, max-image-preview:large, max-video-preview:-1\" \/>\n<link rel=\"canonical\" href=\"https:\/\/hotelcococabanas.com.mx\/en\/terminos-y-condiciones\/\" \/>\n<meta property=\"og:locale\" content=\"en_US\" \/>\n<meta property=\"og:type\" content=\"article\" \/>\n<meta property=\"og:title\" content=\"Terminos y Condiciones - Hotel Coco-Cabanas Loreto\" \/>\n<meta property=\"og:description\" content=\"Ubicaci\u00f3n:\u00a0Hotel Coco-Caba\u00f1as y Casitas, ubicado en calle Davis, callej\u00f3n Chino Davis int. 71, C.P. 23880, Loreto, B.C.S., M\u00e9xico. El hotel [&hellip;]\" \/>\n<meta property=\"og:url\" content=\"https:\/\/hotelcococabanas.com.mx\/en\/terminos-y-condiciones\/\" \/>\n<meta property=\"og:site_name\" content=\"Hotel Coco-Cabanas Loreto\" \/>\n<meta property=\"article:modified_time\" content=\"2025-08-31T14:44:47+00:00\" \/>\n<meta name=\"twitter:card\" content=\"summary_large_image\" \/>\n<meta name=\"twitter:label1\" content=\"Est. reading time\" \/>\n\t<meta name=\"twitter:data1\" content=\"3 minutes\" \/>\n<script type=\"application\/ld+json\" class=\"yoast-schema-graph\">{\"@context\":\"https:\\\/\\\/schema.org\",\"@graph\":[{\"@type\":\"WebPage\",\"@id\":\"https:\\\/\\\/hotelcococabanas.com.mx\\\/terminos-y-condiciones\\\/\",\"url\":\"https:\\\/\\\/hotelcococabanas.com.mx\\\/terminos-y-condiciones\\\/\",\"name\":\"Terminos y Condiciones - Hotel Coco-Cabanas Loreto\",\"isPartOf\":{\"@id\":\"https:\\\/\\\/hotelcococabanas.com.mx\\\/#website\"},\"datePublished\":\"2025-08-31T14:42:35+00:00\",\"dateModified\":\"2025-08-31T14:44:47+00:00\",\"breadcrumb\":{\"@id\":\"https:\\\/\\\/hotelcococabanas.com.mx\\\/terminos-y-condiciones\\\/#breadcrumb\"},\"inLanguage\":\"en-US\",\"potentialAction\":[{\"@type\":\"ReadAction\",\"target\":[\"https:\\\/\\\/hotelcococabanas.com.mx\\\/terminos-y-condiciones\\\/\"]}]},{\"@type\":\"BreadcrumbList\",\"@id\":\"https:\\\/\\\/hotelcococabanas.com.mx\\\/terminos-y-condiciones\\\/#breadcrumb\",\"itemListElement\":[{\"@type\":\"ListItem\",\"position\":1,\"name\":\"Inicio\",\"item\":\"https:\\\/\\\/hotelcococabanas.com.mx\\\/\"},{\"@type\":\"ListItem\",\"position\":2,\"name\":\"Terminos y Condiciones\"}]},{\"@type\":\"WebSite\",\"@id\":\"https:\\\/\\\/hotelcococabanas.com.mx\\\/#website\",\"url\":\"https:\\\/\\\/hotelcococabanas.com.mx\\\/\",\"name\":\"Hotel Coco-Cabanas Loreto\",\"description\":\"Hotel Coco-Cabanas Loreto, Cabanas, Alojamiento, Hospedaje\",\"publisher\":{\"@id\":\"https:\\\/\\\/hotelcococabanas.com.mx\\\/#organization\"},\"potentialAction\":[{\"@type\":\"SearchAction\",\"target\":{\"@type\":\"EntryPoint\",\"urlTemplate\":\"https:\\\/\\\/hotelcococabanas.com.mx\\\/?s={search_term_string}\"},\"query-input\":{\"@type\":\"PropertyValueSpecification\",\"valueRequired\":true,\"valueName\":\"search_term_string\"}}],\"inLanguage\":\"en-US\"},{\"@type\":\"Organization\",\"@id\":\"https:\\\/\\\/hotelcococabanas.com.mx\\\/#organization\",\"name\":\"Hotel Coco-Cabanas Loreto\",\"url\":\"https:\\\/\\\/hotelcococabanas.com.mx\\\/\",\"logo\":{\"@type\":\"ImageObject\",\"inLanguage\":\"en-US\",\"@id\":\"https:\\\/\\\/hotelcococabanas.com.mx\\\/#\\\/schema\\\/logo\\\/image\\\/\",\"url\":\"https:\\\/\\\/hotelcococabanas.com.mx\\\/wp-content\\\/uploads\\\/2025\\\/08\\\/coco-cabanas.png\",\"contentUrl\":\"https:\\\/\\\/hotelcococabanas.com.mx\\\/wp-content\\\/uploads\\\/2025\\\/08\\\/coco-cabanas.png\",\"width\":1884,\"height\":1037,\"caption\":\"Hotel Coco-Cabanas Loreto\"},\"image\":{\"@id\":\"https:\\\/\\\/hotelcococabanas.com.mx\\\/#\\\/schema\\\/logo\\\/image\\\/\"}}]}<\/script>\n<!-- \/ Yoast SEO plugin. -->","yoast_head_json":{"title":"Terminos y Condiciones - Hotel Coco-Cabanas Loreto","robots":{"index":"index","follow":"follow","max-snippet":"max-snippet:-1","max-image-preview":"max-image-preview:large","max-video-preview":"max-video-preview:-1"},"canonical":"https:\/\/hotelcococabanas.com.mx\/en\/terminos-y-condiciones\/","og_locale":"en_US","og_type":"article","og_title":"Terminos y Condiciones - Hotel Coco-Cabanas Loreto","og_description":"Ubicaci\u00f3n:\u00a0Hotel Coco-Caba\u00f1as y Casitas, ubicado en calle Davis, callej\u00f3n Chino Davis int. 71, C.P. 23880, Loreto, B.C.S., M\u00e9xico. El hotel [&hellip;]","og_url":"https:\/\/hotelcococabanas.com.mx\/en\/terminos-y-condiciones\/","og_site_name":"Hotel Coco-Cabanas Loreto","article_modified_time":"2025-08-31T14:44:47+00:00","twitter_card":"summary_large_image","twitter_misc":{"Est. reading time":"3 minutes"},"schema":{"@context":"https:\/\/schema.org","@graph":[{"@type":"WebPage","@id":"https:\/\/hotelcococabanas.com.mx\/terminos-y-condiciones\/","url":"https:\/\/hotelcococabanas.com.mx\/terminos-y-condiciones\/","name":"Terminos y Condiciones - Hotel Coco-Cabanas Loreto","isPartOf":{"@id":"https:\/\/hotelcococabanas.com.mx\/#website"},"datePublished":"2025-08-31T14:42:35+00:00","dateModified":"2025-08-31T14:44:47+00:00","breadcrumb":{"@id":"https:\/\/hotelcococabanas.com.mx\/terminos-y-condiciones\/#breadcrumb"},"inLanguage":"en-US","potentialAction":[{"@type":"ReadAction","target":["https:\/\/hotelcococabanas.com.mx\/terminos-y-condiciones\/"]}]},{"@type":"BreadcrumbList","@id":"https:\/\/hotelcococabanas.com.mx\/terminos-y-condiciones\/#breadcrumb","itemListElement":[{"@type":"ListItem","position":1,"name":"Inicio","item":"https:\/\/hotelcococabanas.com.mx\/"},{"@type":"ListItem","position":2,"name":"Terminos y Condiciones"}]},{"@type":"WebSite","@id":"https:\/\/hotelcococabanas.com.mx\/#website","url":"https:\/\/hotelcococabanas.com.mx\/","name":"Hotel Coco-Cabanas Loreto","description":"Hotel Coco-Cabanas Loreto, Cabanas, Alojamiento, Hospedaje","publisher":{"@id":"https:\/\/hotelcococabanas.com.mx\/#organization"},"potentialAction":[{"@type":"SearchAction","target":{"@type":"EntryPoint","urlTemplate":"https:\/\/hotelcococabanas.com.mx\/?s={search_term_string}"},"query-input":{"@type":"PropertyValueSpecification","valueRequired":true,"valueName":"search_term_string"}}],"inLanguage":"en-US"},{"@type":"Organization","@id":"https:\/\/hotelcococabanas.com.mx\/#organization","name":"Hotel Coco-Cabanas Loreto","url":"https:\/\/hotelcococabanas.com.mx\/","logo":{"@type":"ImageObject","inLanguage":"en-US","@id":"https:\/\/hotelcococabanas.com.mx\/#\/schema\/logo\/image\/","url":"https:\/\/hotelcococabanas.com.mx\/wp-content\/uploads\/2025\/08\/coco-cabanas.png","contentUrl":"https:\/\/hotelcococabanas.com.mx\/wp-content\/uploads\/2025\/08\/coco-cabanas.png","width":1884,"height":1037,"caption":"Hotel Coco-Cabanas Loreto"},"image":{"@id":"https:\/\/hotelcococabanas.com.mx\/#\/schema\/logo\/image\/"}}]}},"_links":{"self":[{"href":"https:\/\/hotelcococabanas.com.mx\/en\/wp-json\/wp\/v2\/pages\/1704","targetHints":{"allow":["GET"]}}],"collection":[{"href":"https:\/\/hotelcococabanas.com.mx\/en\/wp-json\/wp\/v2\/pages"}],"about":[{"href":"https:\/\/hotelcococabanas.com.mx\/en\/wp-json\/wp\/v2\/types\/page"}],"author":[{"embeddable":true,"href":"https:\/\/hotelcococabanas.com.mx\/en\/wp-json\/wp\/v2\/users\/1"}],"replies":[{"embeddable":true,"href":"https:\/\/hotelcococabanas.com.mx\/en\/wp-json\/wp\/v2\/comments?post=1704"}],"version-history":[{"count":4,"href":"https:\/\/hotelcococabanas.com.mx\/en\/wp-json\/wp\/v2\/pages\/1704\/revisions"}],"predecessor-version":[{"id":1708,"href":"https:\/\/hotelcococabanas.com.mx\/en\/wp-json\/wp\/v2\/pages\/1704\/revisions\/1708"}],"wp:attachment":[{"href":"https:\/\/hotelcococabanas.com.mx\/en\/wp-json\/wp\/v2\/media?parent=1704"}],"curies":[{"name":"wp","href":"https:\/\/api.w.org\/{rel}","templated":true}]}}