{"id":1504,"date":"2025-08-27T19:12:15","date_gmt":"2025-08-27T19:12:15","guid":{"rendered":"http:\/\/hotelcococabanas.local\/?page_id=1504"},"modified":"2025-08-31T15:07:58","modified_gmt":"2025-08-31T15:07:58","slug":"cabanas","status":"publish","type":"page","link":"https:\/\/hotelcococabanas.com.mx\/en\/cabanas\/","title":{"rendered":"Cabanas"},"content":{"rendered":"\t\t<div data-elementor-type=\"wp-page\" data-elementor-id=\"1504\" class=\"elementor elementor-1504\">\n\t\t\t\t<div class=\"elementor-element elementor-element-be4946a e-flex e-con-boxed e-con e-parent\" data-id=\"be4946a\" data-element_type=\"container\" data-e-type=\"container\" data-settings=\"{&quot;background_background&quot;:&quot;slideshow&quot;,&quot;background_slideshow_gallery&quot;:[{&quot;id&quot;:1507,&quot;url&quot;:&quot;https:\\\/\\\/hotelcococabanas.com.mx\\\/wp-content\\\/uploads\\\/2025\\\/08\\\/1647303156904-scaled.jpg&quot;},{&quot;id&quot;:1508,&quot;url&quot;:&quot;https:\\\/\\\/hotelcococabanas.com.mx\\\/wp-content\\\/uploads\\\/2025\\\/08\\\/IMG_20220315_140600-scaled.jpg&quot;},{&quot;id&quot;:1509,&quot;url&quot;:&quot;https:\\\/\\\/hotelcococabanas.com.mx\\\/wp-content\\\/uploads\\\/2025\\\/08\\\/IMG_20220315_141437-scaled.jpg&quot;},{&quot;id&quot;:1510,&quot;url&quot;:&quot;https:\\\/\\\/hotelcococabanas.com.mx\\\/wp-content\\\/uploads\\\/2025\\\/08\\\/POOL2_LOGO00-scaled.jpg&quot;},{&quot;id&quot;:1511,&quot;url&quot;:&quot;https:\\\/\\\/hotelcococabanas.com.mx\\\/wp-content\\\/uploads\\\/2025\\\/08\\\/POOL2_LOGO011-scaled.jpg&quot;}],&quot;background_slideshow_loop&quot;:&quot;yes&quot;,&quot;background_slideshow_slide_duration&quot;:5000,&quot;background_slideshow_slide_transition&quot;:&quot;fade&quot;,&quot;background_slideshow_transition_duration&quot;:500}\">\n\t\t\t\t\t<div class=\"e-con-inner\">\n\t\t\t\t<div class=\"elementor-element elementor-element-2a5fe3d elementor-widget__width-initial elementor-widget elementor-widget-heading\" data-id=\"2a5fe3d\" data-element_type=\"widget\" data-e-type=\"widget\" data-widget_type=\"heading.default\">\n\t\t\t\t<div class=\"elementor-widget-container\">\n\t\t\t\t\t<h1 class=\"elementor-heading-title elementor-size-default\">CABA\u00d1AS<\/h1>\t\t\t\t<\/div>\n\t\t\t\t<\/div>\n\t\t\t\t\t<\/div>\n\t\t\t\t<\/div>\n\t\t<div class=\"elementor-element elementor-element-691ff04 e-flex e-con-boxed e-con e-parent\" data-id=\"691ff04\" data-element_type=\"container\" data-e-type=\"container\">\n\t\t\t\t\t<div class=\"e-con-inner\">\n\t\t<div class=\"elementor-element elementor-element-a1166af e-con-full e-flex e-con e-child\" data-id=\"a1166af\" data-element_type=\"container\" data-e-type=\"container\" data-settings=\"{&quot;background_background&quot;:&quot;classic&quot;}\">\n\t\t<div class=\"elementor-element elementor-element-0bcec18 e-con-full e-flex e-con e-child\" data-id=\"0bcec18\" data-element_type=\"container\" data-e-type=\"container\" data-settings=\"{&quot;background_background&quot;:&quot;classic&quot;}\">\n\t\t\t\t<div class=\"elementor-element elementor-element-1c514cc elementor-widget elementor-widget-text-editor\" data-id=\"1c514cc\" data-element_type=\"widget\" data-e-type=\"widget\" data-widget_type=\"text-editor.default\">\n\t\t\t\t<div class=\"elementor-widget-container\">\n\t\t\t\t\t\t\t\t\t<h4>Te invitamos a disfrutar de la comodidad de nuestras caba\u00f1as estilo estudio, el espacio perfecto para una estancia relajante.<\/h4>\t\t\t\t\t\t\t\t<\/div>\n\t\t\t\t<\/div>\n\t\t\t\t<\/div>\n\t\t<div class=\"elementor-element elementor-element-d22ea8e e-con-full e-flex e-con e-child\" data-id=\"d22ea8e\" data-element_type=\"container\" data-e-type=\"container\">\n\t\t\t\t<div class=\"elementor-element elementor-element-968f6bf elementor-widget elementor-widget-image\" data-id=\"968f6bf\" data-element_type=\"widget\" data-e-type=\"widget\" data-widget_type=\"image.default\">\n\t\t\t\t<div class=\"elementor-widget-container\">\n\t\t\t\t\t\t\t\t\t\t\t\t\t\t\t<img fetchpriority=\"high\" decoding=\"async\" width=\"600\" height=\"464\" src=\"https:\/\/hotelcococabanas.com.mx\/wp-content\/uploads\/2025\/08\/1-1.png\" class=\"attachment-full size-full wp-image-1533\" alt=\"1\" srcset=\"https:\/\/hotelcococabanas.com.mx\/wp-content\/uploads\/2025\/08\/1-1.png 600w, https:\/\/hotelcococabanas.com.mx\/wp-content\/uploads\/2025\/08\/1-1-300x232.png 300w, https:\/\/hotelcococabanas.com.mx\/wp-content\/uploads\/2025\/08\/1-1-16x12.png 16w\" sizes=\"(max-width: 600px) 100vw, 600px\" title=\"Cabanas\">\t\t\t\t\t\t\t\t\t\t\t\t\t\t\t<\/div>\n\t\t\t\t<\/div>\n\t\t\t\t<\/div>\n\t\t\t\t<\/div>\n\t\t<div class=\"elementor-element elementor-element-48a1a34 e-con-full e-flex e-con e-child\" data-id=\"48a1a34\" data-element_type=\"container\" data-e-type=\"container\" data-settings=\"{&quot;background_background&quot;:&quot;classic&quot;}\">\n\t\t<div class=\"elementor-element elementor-element-bba0968 e-con-full e-flex e-con e-child\" data-id=\"bba0968\" data-element_type=\"container\" data-e-type=\"container\" data-settings=\"{&quot;background_background&quot;:&quot;classic&quot;}\">\n\t\t\t\t<div class=\"elementor-element elementor-element-c05fac6 elementor-widget elementor-widget-text-editor\" data-id=\"c05fac6\" data-element_type=\"widget\" data-e-type=\"widget\" data-widget_type=\"text-editor.default\">\n\t\t\t\t<div class=\"elementor-widget-container\">\n\t\t\t\t\t\t\t\t\t<h4>Nuestras caba\u00f1as est\u00e1n equipadas con c\u00f3modas camas, una <b>Queen<\/b> y una <b>individual<\/b>, para garantizar tu descanso.<\/h4>\t\t\t\t\t\t\t\t<\/div>\n\t\t\t\t<\/div>\n\t\t\t\t<\/div>\n\t\t<div class=\"elementor-element elementor-element-bdd8f38 e-con-full e-flex e-con e-child\" data-id=\"bdd8f38\" data-element_type=\"container\" data-e-type=\"container\" data-settings=\"{&quot;background_background&quot;:&quot;classic&quot;}\">\n\t\t\t\t<div class=\"elementor-element elementor-element-51bcaa5 elementor-widget elementor-widget-image\" data-id=\"51bcaa5\" data-element_type=\"widget\" data-e-type=\"widget\" data-widget_type=\"image.default\">\n\t\t\t\t<div class=\"elementor-widget-container\">\n\t\t\t\t\t\t\t\t\t\t\t\t\t\t\t<img decoding=\"async\" width=\"600\" height=\"464\" src=\"https:\/\/hotelcococabanas.com.mx\/wp-content\/uploads\/2025\/08\/2-1.png\" class=\"attachment-large size-large wp-image-1534\" alt=\"2\" srcset=\"https:\/\/hotelcococabanas.com.mx\/wp-content\/uploads\/2025\/08\/2-1.png 600w, https:\/\/hotelcococabanas.com.mx\/wp-content\/uploads\/2025\/08\/2-1-300x232.png 300w, https:\/\/hotelcococabanas.com.mx\/wp-content\/uploads\/2025\/08\/2-1-16x12.png 16w\" sizes=\"(max-width: 600px) 100vw, 600px\" title=\"Cabanas\">\t\t\t\t\t\t\t\t\t\t\t\t\t\t\t<\/div>\n\t\t\t\t<\/div>\n\t\t\t\t<\/div>\n\t\t\t\t<\/div>\n\t\t<div class=\"elementor-element elementor-element-fd01a79 e-con-full e-flex e-con e-child\" data-id=\"fd01a79\" data-element_type=\"container\" data-e-type=\"container\" data-settings=\"{&quot;background_background&quot;:&quot;classic&quot;}\">\n\t\t<div class=\"elementor-element elementor-element-72d579d e-con-full e-flex e-con e-child\" data-id=\"72d579d\" data-element_type=\"container\" data-e-type=\"container\" data-settings=\"{&quot;background_background&quot;:&quot;classic&quot;}\">\n\t\t\t\t<div class=\"elementor-element elementor-element-337fe28 elementor-widget elementor-widget-text-editor\" data-id=\"337fe28\" data-element_type=\"widget\" data-e-type=\"widget\" data-widget_type=\"text-editor.default\">\n\t\t\t\t<div class=\"elementor-widget-container\">\n\t\t\t\t\t\t\t\t\t<h4>Para tu comodidad, todas las caba\u00f1as incluyen una cocina completamente equipada. Podr\u00e1s preparar tus platillos favoritos con nuestra estufa, horno, refrigerador, microondas, tostadora, licuadora, cafetera y utensilios.<\/h4>\t\t\t\t\t\t\t\t<\/div>\n\t\t\t\t<\/div>\n\t\t\t\t<\/div>\n\t\t<div class=\"elementor-element elementor-element-1e66a1a e-con-full e-flex e-con e-child\" data-id=\"1e66a1a\" data-element_type=\"container\" data-e-type=\"container\" data-settings=\"{&quot;background_background&quot;:&quot;classic&quot;}\">\n\t\t\t\t<div class=\"elementor-element elementor-element-f17778c elementor-widget elementor-widget-image\" data-id=\"f17778c\" data-element_type=\"widget\" data-e-type=\"widget\" data-widget_type=\"image.default\">\n\t\t\t\t<div class=\"elementor-widget-container\">\n\t\t\t\t\t\t\t\t\t\t\t\t\t\t\t<img decoding=\"async\" width=\"600\" height=\"464\" src=\"https:\/\/hotelcococabanas.com.mx\/wp-content\/uploads\/2025\/08\/3-1.png\" class=\"attachment-full size-full wp-image-1535\" alt=\"3\" srcset=\"https:\/\/hotelcococabanas.com.mx\/wp-content\/uploads\/2025\/08\/3-1.png 600w, https:\/\/hotelcococabanas.com.mx\/wp-content\/uploads\/2025\/08\/3-1-300x232.png 300w, https:\/\/hotelcococabanas.com.mx\/wp-content\/uploads\/2025\/08\/3-1-16x12.png 16w\" sizes=\"(max-width: 600px) 100vw, 600px\" title=\"Cabanas\">\t\t\t\t\t\t\t\t\t\t\t\t\t\t\t<\/div>\n\t\t\t\t<\/div>\n\t\t\t\t<\/div>\n\t\t\t\t<\/div>\n\t\t<div class=\"elementor-element elementor-element-bab6116 e-con-full e-flex e-con e-child\" data-id=\"bab6116\" data-element_type=\"container\" data-e-type=\"container\" data-settings=\"{&quot;background_background&quot;:&quot;classic&quot;}\">\n\t\t<div class=\"elementor-element elementor-element-046f758 e-con-full e-flex e-con e-child\" data-id=\"046f758\" data-element_type=\"container\" data-e-type=\"container\" data-settings=\"{&quot;background_background&quot;:&quot;classic&quot;}\">\n\t\t\t\t<div class=\"elementor-element elementor-element-e0087f8 elementor-widget elementor-widget-text-editor\" data-id=\"e0087f8\" data-element_type=\"widget\" data-e-type=\"widget\" data-widget_type=\"text-editor.default\">\n\t\t\t\t<div class=\"elementor-widget-container\">\n\t\t\t\t\t\t\t\t\t<h4>Disfruta de una tarde de relajaci\u00f3n en nuestra <b>piscina climatizada<\/b> y prepara una deliciosa comida en el \u00e1rea de <b>barbacoa<\/b> adyacente.<\/h4>\t\t\t\t\t\t\t\t<\/div>\n\t\t\t\t<\/div>\n\t\t\t\t<\/div>\n\t\t<div class=\"elementor-element elementor-element-86b7a68 e-con-full e-flex e-con e-child\" data-id=\"86b7a68\" data-element_type=\"container\" data-e-type=\"container\" data-settings=\"{&quot;background_background&quot;:&quot;classic&quot;}\">\n\t\t\t\t<div class=\"elementor-element elementor-element-f4aa73f elementor-widget elementor-widget-image\" data-id=\"f4aa73f\" data-element_type=\"widget\" data-e-type=\"widget\" data-widget_type=\"image.default\">\n\t\t\t\t<div class=\"elementor-widget-container\">\n\t\t\t\t\t\t\t\t\t\t\t\t\t\t\t<img loading=\"lazy\" decoding=\"async\" width=\"600\" height=\"464\" src=\"https:\/\/hotelcococabanas.com.mx\/wp-content\/uploads\/2025\/08\/4.png\" class=\"attachment-large size-large wp-image-1536\" alt=\"4\" srcset=\"https:\/\/hotelcococabanas.com.mx\/wp-content\/uploads\/2025\/08\/4.png 600w, https:\/\/hotelcococabanas.com.mx\/wp-content\/uploads\/2025\/08\/4-300x232.png 300w, https:\/\/hotelcococabanas.com.mx\/wp-content\/uploads\/2025\/08\/4-16x12.png 16w\" sizes=\"(max-width: 600px) 100vw, 600px\" title=\"Cabanas\">\t\t\t\t\t\t\t\t\t\t\t\t\t\t\t<\/div>\n\t\t\t\t<\/div>\n\t\t\t\t<\/div>\n\t\t\t\t<\/div>\n\t\t<div class=\"elementor-element elementor-element-5fd31db e-con-full e-flex e-con e-child\" data-id=\"5fd31db\" data-element_type=\"container\" data-e-type=\"container\" data-settings=\"{&quot;background_background&quot;:&quot;classic&quot;}\">\n\t\t<div class=\"elementor-element elementor-element-3e516c5 e-con-full e-flex e-con e-child\" data-id=\"3e516c5\" data-element_type=\"container\" data-e-type=\"container\" data-settings=\"{&quot;background_background&quot;:&quot;classic&quot;}\">\n\t\t\t\t<div class=\"elementor-element elementor-element-45806c4 elementor-widget elementor-widget-text-editor\" data-id=\"45806c4\" data-element_type=\"widget\" data-e-type=\"widget\" data-widget_type=\"text-editor.default\">\n\t\t\t\t<div class=\"elementor-widget-container\">\n\t\t\t\t\t\t\t\t\t<h4>Nuestra ubicaci\u00f3n es ideal, a solo unos pasos del <b>centro de la ciudad<\/b>, la <b>playa p\u00fablica<\/b> y la <b>marina<\/b>.<\/h4>\t\t\t\t\t\t\t\t<\/div>\n\t\t\t\t<\/div>\n\t\t\t\t<\/div>\n\t\t<div class=\"elementor-element elementor-element-8c9277e e-con-full e-flex e-con e-child\" data-id=\"8c9277e\" data-element_type=\"container\" data-e-type=\"container\" data-settings=\"{&quot;background_background&quot;:&quot;classic&quot;}\">\n\t\t\t\t<div class=\"elementor-element elementor-element-136095b elementor-widget elementor-widget-image\" data-id=\"136095b\" data-element_type=\"widget\" data-e-type=\"widget\" data-widget_type=\"image.default\">\n\t\t\t\t<div class=\"elementor-widget-container\">\n\t\t\t\t\t\t\t\t\t\t\t\t\t\t\t<img loading=\"lazy\" decoding=\"async\" width=\"600\" height=\"464\" src=\"https:\/\/hotelcococabanas.com.mx\/wp-content\/uploads\/2025\/08\/5.png\" class=\"attachment-full size-full wp-image-1537\" alt=\"5\" srcset=\"https:\/\/hotelcococabanas.com.mx\/wp-content\/uploads\/2025\/08\/5.png 600w, https:\/\/hotelcococabanas.com.mx\/wp-content\/uploads\/2025\/08\/5-300x232.png 300w, https:\/\/hotelcococabanas.com.mx\/wp-content\/uploads\/2025\/08\/5-16x12.png 16w\" sizes=\"(max-width: 600px) 100vw, 600px\" title=\"Cabanas\">\t\t\t\t\t\t\t\t\t\t\t\t\t\t\t<\/div>\n\t\t\t\t<\/div>\n\t\t\t\t<\/div>\n\t\t\t\t<\/div>\n\t\t\t\t\t<\/div>\n\t\t\t\t<\/div>\n\t\t<div class=\"elementor-element elementor-element-6636751 e-flex e-con-boxed e-con e-parent\" data-id=\"6636751\" data-element_type=\"container\" data-e-type=\"container\" data-settings=\"{&quot;background_background&quot;:&quot;classic&quot;}\">\n\t\t\t\t\t<div class=\"e-con-inner\">\n\t\t\t\t<div class=\"elementor-element elementor-element-280f73e elementor-widget__width-initial elementor-widget elementor-widget-heading\" data-id=\"280f73e\" data-element_type=\"widget\" data-e-type=\"widget\" data-widget_type=\"heading.default\">\n\t\t\t\t<div class=\"elementor-widget-container\">\n\t\t\t\t\t<p class=\"elementor-heading-title elementor-size-default\">Coco Caba\u00f1as &amp; Casitas<\/p>\t\t\t\t<\/div>\n\t\t\t\t<\/div>\n\t\t\t\t<div class=\"elementor-element elementor-element-a28d43d elementor-widget__width-initial elementor-widget elementor-widget-heading\" data-id=\"a28d43d\" data-element_type=\"widget\" data-e-type=\"widget\" data-widget_type=\"heading.default\">\n\t\t\t\t<div class=\"elementor-widget-container\">\n\t\t\t\t\t<h2 class=\"elementor-heading-title elementor-size-default\">M\u00e1s que un hotel, un para\u00edso de tranquilidad y confort en Loreto, BCS.<br>\u00a1Tu escapada so\u00f1ada te espera!<\/h2>\t\t\t\t<\/div>\n\t\t\t\t<\/div>\n\t\t\t\t<div class=\"elementor-element elementor-element-2fb3414 elementor-widget elementor-widget-button\" data-id=\"2fb3414\" data-element_type=\"widget\" data-e-type=\"widget\" data-widget_type=\"button.default\">\n\t\t\t\t<div class=\"elementor-widget-container\">\n\t\t\t\t\t\t\t\t\t<div class=\"elementor-button-wrapper\">\n\t\t\t\t\t<a class=\"elementor-button elementor-button-link elementor-size-sm\" href=\"mailto:twscalapino@gmail.com\">\n\t\t\t\t\t\t<span class=\"elementor-button-content-wrapper\">\n\t\t\t\t\t\t\t\t\t<span class=\"elementor-button-text\">RESERVA<\/span>\n\t\t\t\t\t<\/span>\n\t\t\t\t\t<\/a>\n\t\t\t\t<\/div>\n\t\t\t\t\t\t\t\t<\/div>\n\t\t\t\t<\/div>\n\t\t\t\t\t<\/div>\n\t\t\t\t<\/div>\n\t\t\t\t<\/div>\n\t\t","protected":false},"excerpt":{"rendered":"<p>CABA\u00d1AS Te invitamos a disfrutar de la comodidad de nuestras caba\u00f1as estilo estudio, el espacio perfecto para una estancia relajante. [&hellip;]<\/p>\n","protected":false},"author":1,"featured_media":0,"parent":0,"menu_order":0,"comment_status":"closed","ping_status":"closed","template":"","meta":{"site-sidebar-layout":"no-sidebar","site-content-layout":"","ast-site-content-layout":"full-width-container","site-content-style":"default","site-sidebar-style":"default","ast-global-header-display":"","ast-banner-title-visibility":"","ast-main-header-display":"","ast-hfb-above-header-display":"","ast-hfb-below-header-display":"","ast-hfb-mobile-header-display":"","site-post-title":"disabled","ast-breadcrumbs-content":"","ast-featured-img":"disabled","footer-sml-layout":"","ast-disable-related-posts":"","theme-transparent-header-meta":"enabled","adv-header-id-meta":"","stick-header-meta":"","header-above-stick-meta":"","header-main-stick-meta":"","header-below-stick-meta":"","astra-migrate-meta-layouts":"default","ast-page-background-enabled":"default","ast-page-background-meta":{"desktop":{"background-color":"var(--ast-global-color-4)","background-image":"","background-repeat":"repeat","background-position":"center center","background-size":"auto","background-attachment":"scroll","background-type":"","background-media":"","overlay-type":"","overlay-color":"","overlay-opacity":"","overlay-gradient":""},"tablet":{"background-color":"","background-image":"","background-repeat":"repeat","background-position":"center center","background-size":"auto","background-attachment":"scroll","background-type":"","background-media":"","overlay-type":"","overlay-color":"","overlay-opacity":"","overlay-gradient":""},"mobile":{"background-color":"","background-image":"","background-repeat":"repeat","background-position":"center center","background-size":"auto","background-attachment":"scroll","background-type":"","background-media":"","overlay-type":"","overlay-color":"","overlay-opacity":"","overlay-gradient":""}},"ast-content-background-meta":{"desktop":{"background-color":"var(--ast-global-color-5)","background-image":"","background-repeat":"repeat","background-position":"center center","background-size":"auto","background-attachment":"scroll","background-type":"","background-media":"","overlay-type":"","overlay-color":"","overlay-opacity":"","overlay-gradient":""},"tablet":{"background-color":"var(--ast-global-color-5)","background-image":"","background-repeat":"repeat","background-position":"center center","background-size":"auto","background-attachment":"scroll","background-type":"","background-media":"","overlay-type":"","overlay-color":"","overlay-opacity":"","overlay-gradient":""},"mobile":{"background-color":"var(--ast-global-color-5)","background-image":"","background-repeat":"repeat","background-position":"center center","background-size":"auto","background-attachment":"scroll","background-type":"","background-media":"","overlay-type":"","overlay-color":"","overlay-opacity":"","overlay-gradient":""}},"_joinchat":[],"footnotes":""},"class_list":["post-1504","page","type-page","status-publish","hentry"],"yoast_head":"<!-- This site is optimized with the Yoast SEO plugin v27.5 - https:\/\/yoast.com\/product\/yoast-seo-wordpress\/ -->\n<title>Cabanas - Hotel Coco-Cabanas Loreto<\/title>\n<meta name=\"robots\" content=\"index, follow, max-snippet:-1, max-image-preview:large, max-video-preview:-1\" \/>\n<link rel=\"canonical\" href=\"https:\/\/hotelcococabanas.com.mx\/en\/cabanas\/\" \/>\n<meta property=\"og:locale\" content=\"en_US\" \/>\n<meta property=\"og:type\" content=\"article\" \/>\n<meta property=\"og:title\" content=\"Cabanas - Hotel Coco-Cabanas Loreto\" \/>\n<meta property=\"og:description\" content=\"CABA\u00d1AS Te invitamos a disfrutar de la comodidad de nuestras caba\u00f1as estilo estudio, el espacio perfecto para una estancia relajante. [&hellip;]\" \/>\n<meta property=\"og:url\" content=\"https:\/\/hotelcococabanas.com.mx\/en\/cabanas\/\" \/>\n<meta property=\"og:site_name\" content=\"Hotel Coco-Cabanas Loreto\" \/>\n<meta property=\"article:modified_time\" content=\"2025-08-31T15:07:58+00:00\" \/>\n<meta property=\"og:image\" content=\"https:\/\/hotelcococabanas.com.mx\/wp-content\/uploads\/2025\/08\/1-1.png\" \/>\n\t<meta property=\"og:image:width\" content=\"600\" \/>\n\t<meta property=\"og:image:height\" content=\"464\" \/>\n\t<meta property=\"og:image:type\" content=\"image\/png\" \/>\n<meta name=\"twitter:card\" content=\"summary_large_image\" \/>\n<meta name=\"twitter:label1\" content=\"Est. reading time\" \/>\n\t<meta name=\"twitter:data1\" content=\"2 minutes\" \/>\n<script type=\"application\/ld+json\" class=\"yoast-schema-graph\">{\"@context\":\"https:\\\/\\\/schema.org\",\"@graph\":[{\"@type\":\"WebPage\",\"@id\":\"https:\\\/\\\/hotelcococabanas.com.mx\\\/cabanas\\\/\",\"url\":\"https:\\\/\\\/hotelcococabanas.com.mx\\\/cabanas\\\/\",\"name\":\"Cabanas - Hotel Coco-Cabanas Loreto\",\"isPartOf\":{\"@id\":\"https:\\\/\\\/hotelcococabanas.com.mx\\\/#website\"},\"primaryImageOfPage\":{\"@id\":\"https:\\\/\\\/hotelcococabanas.com.mx\\\/cabanas\\\/#primaryimage\"},\"image\":{\"@id\":\"https:\\\/\\\/hotelcococabanas.com.mx\\\/cabanas\\\/#primaryimage\"},\"thumbnailUrl\":\"https:\\\/\\\/hotelcococabanas.com.mx\\\/wp-content\\\/uploads\\\/2025\\\/08\\\/1-1.png\",\"datePublished\":\"2025-08-27T19:12:15+00:00\",\"dateModified\":\"2025-08-31T15:07:58+00:00\",\"breadcrumb\":{\"@id\":\"https:\\\/\\\/hotelcococabanas.com.mx\\\/cabanas\\\/#breadcrumb\"},\"inLanguage\":\"en-US\",\"potentialAction\":[{\"@type\":\"ReadAction\",\"target\":[\"https:\\\/\\\/hotelcococabanas.com.mx\\\/cabanas\\\/\"]}]},{\"@type\":\"ImageObject\",\"inLanguage\":\"en-US\",\"@id\":\"https:\\\/\\\/hotelcococabanas.com.mx\\\/cabanas\\\/#primaryimage\",\"url\":\"https:\\\/\\\/hotelcococabanas.com.mx\\\/wp-content\\\/uploads\\\/2025\\\/08\\\/1-1.png\",\"contentUrl\":\"https:\\\/\\\/hotelcococabanas.com.mx\\\/wp-content\\\/uploads\\\/2025\\\/08\\\/1-1.png\"},{\"@type\":\"BreadcrumbList\",\"@id\":\"https:\\\/\\\/hotelcococabanas.com.mx\\\/cabanas\\\/#breadcrumb\",\"itemListElement\":[{\"@type\":\"ListItem\",\"position\":1,\"name\":\"Inicio\",\"item\":\"https:\\\/\\\/hotelcococabanas.com.mx\\\/\"},{\"@type\":\"ListItem\",\"position\":2,\"name\":\"Cabanas\"}]},{\"@type\":\"WebSite\",\"@id\":\"https:\\\/\\\/hotelcococabanas.com.mx\\\/#website\",\"url\":\"https:\\\/\\\/hotelcococabanas.com.mx\\\/\",\"name\":\"Hotel Coco-Cabanas Loreto\",\"description\":\"Hotel Coco-Cabanas Loreto, Cabanas, Alojamiento, Hospedaje\",\"publisher\":{\"@id\":\"https:\\\/\\\/hotelcococabanas.com.mx\\\/#organization\"},\"potentialAction\":[{\"@type\":\"SearchAction\",\"target\":{\"@type\":\"EntryPoint\",\"urlTemplate\":\"https:\\\/\\\/hotelcococabanas.com.mx\\\/?s={search_term_string}\"},\"query-input\":{\"@type\":\"PropertyValueSpecification\",\"valueRequired\":true,\"valueName\":\"search_term_string\"}}],\"inLanguage\":\"en-US\"},{\"@type\":\"Organization\",\"@id\":\"https:\\\/\\\/hotelcococabanas.com.mx\\\/#organization\",\"name\":\"Hotel Coco-Cabanas Loreto\",\"url\":\"https:\\\/\\\/hotelcococabanas.com.mx\\\/\",\"logo\":{\"@type\":\"ImageObject\",\"inLanguage\":\"en-US\",\"@id\":\"https:\\\/\\\/hotelcococabanas.com.mx\\\/#\\\/schema\\\/logo\\\/image\\\/\",\"url\":\"https:\\\/\\\/hotelcococabanas.com.mx\\\/wp-content\\\/uploads\\\/2025\\\/08\\\/coco-cabanas.png\",\"contentUrl\":\"https:\\\/\\\/hotelcococabanas.com.mx\\\/wp-content\\\/uploads\\\/2025\\\/08\\\/coco-cabanas.png\",\"width\":1884,\"height\":1037,\"caption\":\"Hotel Coco-Cabanas Loreto\"},\"image\":{\"@id\":\"https:\\\/\\\/hotelcococabanas.com.mx\\\/#\\\/schema\\\/logo\\\/image\\\/\"}}]}<\/script>\n<!-- \/ Yoast SEO plugin. -->","yoast_head_json":{"title":"Cabanas - Hotel Coco-Cabanas Loreto","robots":{"index":"index","follow":"follow","max-snippet":"max-snippet:-1","max-image-preview":"max-image-preview:large","max-video-preview":"max-video-preview:-1"},"canonical":"https:\/\/hotelcococabanas.com.mx\/en\/cabanas\/","og_locale":"en_US","og_type":"article","og_title":"Cabanas - Hotel Coco-Cabanas Loreto","og_description":"CABA\u00d1AS Te invitamos a disfrutar de la comodidad de nuestras caba\u00f1as estilo estudio, el espacio perfecto para una estancia relajante. [&hellip;]","og_url":"https:\/\/hotelcococabanas.com.mx\/en\/cabanas\/","og_site_name":"Hotel Coco-Cabanas Loreto","article_modified_time":"2025-08-31T15:07:58+00:00","og_image":[{"width":600,"height":464,"url":"https:\/\/hotelcococabanas.com.mx\/wp-content\/uploads\/2025\/08\/1-1.png","type":"image\/png"}],"twitter_card":"summary_large_image","twitter_misc":{"Est. reading time":"2 minutes"},"schema":{"@context":"https:\/\/schema.org","@graph":[{"@type":"WebPage","@id":"https:\/\/hotelcococabanas.com.mx\/cabanas\/","url":"https:\/\/hotelcococabanas.com.mx\/cabanas\/","name":"Cabanas - Hotel Coco-Cabanas Loreto","isPartOf":{"@id":"https:\/\/hotelcococabanas.com.mx\/#website"},"primaryImageOfPage":{"@id":"https:\/\/hotelcococabanas.com.mx\/cabanas\/#primaryimage"},"image":{"@id":"https:\/\/hotelcococabanas.com.mx\/cabanas\/#primaryimage"},"thumbnailUrl":"https:\/\/hotelcococabanas.com.mx\/wp-content\/uploads\/2025\/08\/1-1.png","datePublished":"2025-08-27T19:12:15+00:00","dateModified":"2025-08-31T15:07:58+00:00","breadcrumb":{"@id":"https:\/\/hotelcococabanas.com.mx\/cabanas\/#breadcrumb"},"inLanguage":"en-US","potentialAction":[{"@type":"ReadAction","target":["https:\/\/hotelcococabanas.com.mx\/cabanas\/"]}]},{"@type":"ImageObject","inLanguage":"en-US","@id":"https:\/\/hotelcococabanas.com.mx\/cabanas\/#primaryimage","url":"https:\/\/hotelcococabanas.com.mx\/wp-content\/uploads\/2025\/08\/1-1.png","contentUrl":"https:\/\/hotelcococabanas.com.mx\/wp-content\/uploads\/2025\/08\/1-1.png"},{"@type":"BreadcrumbList","@id":"https:\/\/hotelcococabanas.com.mx\/cabanas\/#breadcrumb","itemListElement":[{"@type":"ListItem","position":1,"name":"Inicio","item":"https:\/\/hotelcococabanas.com.mx\/"},{"@type":"ListItem","position":2,"name":"Cabanas"}]},{"@type":"WebSite","@id":"https:\/\/hotelcococabanas.com.mx\/#website","url":"https:\/\/hotelcococabanas.com.mx\/","name":"Hotel Coco-Cabanas Loreto","description":"Hotel Coco-Cabanas Loreto, Cabanas, Alojamiento, Hospedaje","publisher":{"@id":"https:\/\/hotelcococabanas.com.mx\/#organization"},"potentialAction":[{"@type":"SearchAction","target":{"@type":"EntryPoint","urlTemplate":"https:\/\/hotelcococabanas.com.mx\/?s={search_term_string}"},"query-input":{"@type":"PropertyValueSpecification","valueRequired":true,"valueName":"search_term_string"}}],"inLanguage":"en-US"},{"@type":"Organization","@id":"https:\/\/hotelcococabanas.com.mx\/#organization","name":"Hotel Coco-Cabanas Loreto","url":"https:\/\/hotelcococabanas.com.mx\/","logo":{"@type":"ImageObject","inLanguage":"en-US","@id":"https:\/\/hotelcococabanas.com.mx\/#\/schema\/logo\/image\/","url":"https:\/\/hotelcococabanas.com.mx\/wp-content\/uploads\/2025\/08\/coco-cabanas.png","contentUrl":"https:\/\/hotelcococabanas.com.mx\/wp-content\/uploads\/2025\/08\/coco-cabanas.png","width":1884,"height":1037,"caption":"Hotel Coco-Cabanas Loreto"},"image":{"@id":"https:\/\/hotelcococabanas.com.mx\/#\/schema\/logo\/image\/"}}]}},"_links":{"self":[{"href":"https:\/\/hotelcococabanas.com.mx\/en\/wp-json\/wp\/v2\/pages\/1504","targetHints":{"allow":["GET"]}}],"collection":[{"href":"https:\/\/hotelcococabanas.com.mx\/en\/wp-json\/wp\/v2\/pages"}],"about":[{"href":"https:\/\/hotelcococabanas.com.mx\/en\/wp-json\/wp\/v2\/types\/page"}],"author":[{"embeddable":true,"href":"https:\/\/hotelcococabanas.com.mx\/en\/wp-json\/wp\/v2\/users\/1"}],"replies":[{"embeddable":true,"href":"https:\/\/hotelcococabanas.com.mx\/en\/wp-json\/wp\/v2\/comments?post=1504"}],"version-history":[{"count":16,"href":"https:\/\/hotelcococabanas.com.mx\/en\/wp-json\/wp\/v2\/pages\/1504\/revisions"}],"predecessor-version":[{"id":1719,"href":"https:\/\/hotelcococabanas.com.mx\/en\/wp-json\/wp\/v2\/pages\/1504\/revisions\/1719"}],"wp:attachment":[{"href":"https:\/\/hotelcococabanas.com.mx\/en\/wp-json\/wp\/v2\/media?parent=1504"}],"curies":[{"name":"wp","href":"https:\/\/api.w.org\/{rel}","templated":true}]}}